{"id":2452,"date":"2018-10-30T13:40:35","date_gmt":"2018-10-30T12:40:35","guid":{"rendered":"https:\/\/oldwww.szpitalnaklinach.pl\/poradnie-specjalistyczne\/"},"modified":"2019-07-25T18:27:13","modified_gmt":"2019-07-25T16:27:13","slug":"poradnie-specjalistyczne","status":"publish","type":"page","link":"https:\/\/oldwww.szpitalnaklinach.pl\/uk\/poradnie-specjalistyczne\/","title":{"rendered":"\u041a\u043e\u043d\u0441\u0443\u043b\u044c\u0442\u0430\u0446\u0456\u0439\u043d\u0456 \u0446\u0435\u043d\u0442\u0440\u0438"},"content":{"rendered":"","protected":false},"excerpt":{"rendered":"","protected":false},"author":1,"featured_media":0,"parent":0,"menu_order":0,"comment_status":"closed","ping_status":"closed","template":"template-parts\/template-oddzialy_szpitalne.php","meta":{"footnotes":""},"class_list":["post-2452","page","type-page","status-publish","hentry"],"acf":[],"yoast_head":"<!-- This site is optimized with the Yoast SEO plugin v17.7 - https:\/\/yoast.com\/wordpress\/plugins\/seo\/ -->\n<title>\u041a\u043e\u043d\u0441\u0443\u043b\u044c\u0442\u0430\u0446\u0456\u0439\u043d\u0456 \u0446\u0435\u043d\u0442\u0440\u0438 - Szpital na Klinach<\/title>\n<meta name=\"description\" content=\"Postawili\u015bmy na grono wybitnych specjalist\u00f3w, kt\u00f3rych do\u015bwiadczenie i profesjonalizm buduj\u0105 rang\u0119 tego miejsca. Dowiedz si\u0119 wi\u0119cej o naszych poradniach i kadrze medycznej.\" \/>\n<meta name=\"robots\" content=\"index, follow, max-snippet:-1, max-image-preview:large, max-video-preview:-1\" \/>\n<link rel=\"canonical\" href=\"https:\/\/oldwww.szpitalnaklinach.pl\/uk\/poradnie-specjalistyczne\/\" \/>\n<meta property=\"og:locale\" content=\"uk_UA\" \/>\n<meta property=\"og:type\" content=\"article\" \/>\n<meta property=\"og:title\" content=\"\u041a\u043e\u043d\u0441\u0443\u043b\u044c\u0442\u0430\u0446\u0456\u0439\u043d\u0456 \u0446\u0435\u043d\u0442\u0440\u0438 - Szpital na Klinach\" \/>\n<meta property=\"og:description\" content=\"Postawili\u015bmy na grono wybitnych specjalist\u00f3w, kt\u00f3rych do\u015bwiadczenie i profesjonalizm buduj\u0105 rang\u0119 tego miejsca. Dowiedz si\u0119 wi\u0119cej o naszych poradniach i kadrze medycznej.\" \/>\n<meta property=\"og:url\" content=\"https:\/\/oldwww.szpitalnaklinach.pl\/uk\/poradnie-specjalistyczne\/\" \/>\n<meta property=\"og:site_name\" content=\"Szpital na Klinach\" \/>\n<meta property=\"article:publisher\" content=\"https:\/\/www.facebook.com\/NajblizejPacjentow\/\" \/>\n<meta property=\"article:modified_time\" content=\"2019-07-25T16:27:13+00:00\" \/>\n<meta name=\"twitter:card\" content=\"summary_large_image\" \/>\n<script type=\"application\/ld+json\" class=\"yoast-schema-graph\">{\"@context\":\"https:\/\/schema.org\",\"@graph\":[{\"@type\":\"Organization\",\"@id\":\"https:\/\/oldwww.szpitalnaklinach.pl\/uk\/#organization\",\"name\":\"Szpital na Klinach\",\"url\":\"https:\/\/oldwww.szpitalnaklinach.pl\/uk\/\",\"sameAs\":[\"https:\/\/www.facebook.com\/NajblizejPacjentow\/\",\"https:\/\/www.instagram.com\/szpitalnaklinach\/\",\"https:\/\/www.linkedin.com\/company\/neohospital\/\",\"https:\/\/www.youtube.com\/channel\/UCag81Bmy-49n0BcFGiYkGRg\"],\"logo\":{\"@type\":\"ImageObject\",\"@id\":\"https:\/\/oldwww.szpitalnaklinach.pl\/uk\/#logo\",\"inLanguage\":\"uk\",\"url\":\"https:\/\/oldwww.szpitalnaklinach.pl\/wp-content\/uploads\/logo-snk-bez-tla-300.png\",\"contentUrl\":\"https:\/\/oldwww.szpitalnaklinach.pl\/wp-content\/uploads\/logo-snk-bez-tla-300.png\",\"width\":300,\"height\":107,\"caption\":\"Szpital na Klinach\"},\"image\":{\"@id\":\"https:\/\/oldwww.szpitalnaklinach.pl\/uk\/#logo\"}},{\"@type\":\"WebSite\",\"@id\":\"https:\/\/oldwww.szpitalnaklinach.pl\/uk\/#website\",\"url\":\"https:\/\/oldwww.szpitalnaklinach.pl\/uk\/\",\"name\":\"Szpital na Klinach\",\"description\":\"Strona szpitala nale\\u017c\\u0105cego do grupy NEO HOSPITAL\",\"publisher\":{\"@id\":\"https:\/\/oldwww.szpitalnaklinach.pl\/uk\/#organization\"},\"potentialAction\":[{\"@type\":\"SearchAction\",\"target\":{\"@type\":\"EntryPoint\",\"urlTemplate\":\"https:\/\/oldwww.szpitalnaklinach.pl\/uk\/?s={search_term_string}\"},\"query-input\":\"required name=search_term_string\"}],\"inLanguage\":\"uk\"},{\"@type\":\"WebPage\",\"@id\":\"https:\/\/oldwww.szpitalnaklinach.pl\/uk\/poradnie-specjalistyczne\/#webpage\",\"url\":\"https:\/\/oldwww.szpitalnaklinach.pl\/uk\/poradnie-specjalistyczne\/\",\"name\":\"\\u041a\\u043e\\u043d\\u0441\\u0443\\u043b\\u044c\\u0442\\u0430\\u0446\\u0456\\u0439\\u043d\\u0456 \\u0446\\u0435\\u043d\\u0442\\u0440\\u0438 - Szpital na Klinach\",\"isPartOf\":{\"@id\":\"https:\/\/oldwww.szpitalnaklinach.pl\/uk\/#website\"},\"datePublished\":\"2018-10-30T12:40:35+00:00\",\"dateModified\":\"2019-07-25T16:27:13+00:00\",\"description\":\"Postawili\\u015bmy na grono wybitnych specjalist\\u00f3w, kt\\u00f3rych do\\u015bwiadczenie i profesjonalizm buduj\\u0105 rang\\u0119 tego miejsca. Dowiedz si\\u0119 wi\\u0119cej o naszych poradniach i kadrze medycznej.\",\"breadcrumb\":{\"@id\":\"https:\/\/oldwww.szpitalnaklinach.pl\/uk\/poradnie-specjalistyczne\/#breadcrumb\"},\"inLanguage\":\"uk\",\"potentialAction\":[{\"@type\":\"ReadAction\",\"target\":[\"https:\/\/oldwww.szpitalnaklinach.pl\/uk\/poradnie-specjalistyczne\/\"]}]},{\"@type\":\"BreadcrumbList\",\"@id\":\"https:\/\/oldwww.szpitalnaklinach.pl\/uk\/poradnie-specjalistyczne\/#breadcrumb\",\"itemListElement\":[{\"@type\":\"ListItem\",\"position\":1,\"name\":\"Strona g\\u0142\\u00f3wna\",\"item\":\"https:\/\/oldwww.szpitalnaklinach.pl\/uk\/\"},{\"@type\":\"ListItem\",\"position\":2,\"name\":\"\\u041a\\u043e\\u043d\\u0441\\u0443\\u043b\\u044c\\u0442\\u0430\\u0446\\u0456\\u0439\\u043d\\u0456 \\u0446\\u0435\\u043d\\u0442\\u0440\\u0438\"}]}]}<\/script>\n<!-- \/ Yoast SEO plugin. -->","yoast_head_json":{"title":"\u041a\u043e\u043d\u0441\u0443\u043b\u044c\u0442\u0430\u0446\u0456\u0439\u043d\u0456 \u0446\u0435\u043d\u0442\u0440\u0438 - Szpital na Klinach","description":"Postawili\u015bmy na grono wybitnych specjalist\u00f3w, kt\u00f3rych do\u015bwiadczenie i profesjonalizm buduj\u0105 rang\u0119 tego miejsca. Dowiedz si\u0119 wi\u0119cej o naszych poradniach i kadrze medycznej.","robots":{"index":"index","follow":"follow","max-snippet":"max-snippet:-1","max-image-preview":"max-image-preview:large","max-video-preview":"max-video-preview:-1"},"canonical":"https:\/\/oldwww.szpitalnaklinach.pl\/uk\/poradnie-specjalistyczne\/","og_locale":"uk_UA","og_type":"article","og_title":"\u041a\u043e\u043d\u0441\u0443\u043b\u044c\u0442\u0430\u0446\u0456\u0439\u043d\u0456 \u0446\u0435\u043d\u0442\u0440\u0438 - Szpital na Klinach","og_description":"Postawili\u015bmy na grono wybitnych specjalist\u00f3w, kt\u00f3rych do\u015bwiadczenie i profesjonalizm buduj\u0105 rang\u0119 tego miejsca. Dowiedz si\u0119 wi\u0119cej o naszych poradniach i kadrze medycznej.","og_url":"https:\/\/oldwww.szpitalnaklinach.pl\/uk\/poradnie-specjalistyczne\/","og_site_name":"Szpital na Klinach","article_publisher":"https:\/\/www.facebook.com\/NajblizejPacjentow\/","article_modified_time":"2019-07-25T16:27:13+00:00","twitter_card":"summary_large_image","schema":{"@context":"https:\/\/schema.org","@graph":[{"@type":"Organization","@id":"https:\/\/oldwww.szpitalnaklinach.pl\/uk\/#organization","name":"Szpital na Klinach","url":"https:\/\/oldwww.szpitalnaklinach.pl\/uk\/","sameAs":["https:\/\/www.facebook.com\/NajblizejPacjentow\/","https:\/\/www.instagram.com\/szpitalnaklinach\/","https:\/\/www.linkedin.com\/company\/neohospital\/","https:\/\/www.youtube.com\/channel\/UCag81Bmy-49n0BcFGiYkGRg"],"logo":{"@type":"ImageObject","@id":"https:\/\/oldwww.szpitalnaklinach.pl\/uk\/#logo","inLanguage":"uk","url":"https:\/\/oldwww.szpitalnaklinach.pl\/wp-content\/uploads\/logo-snk-bez-tla-300.png","contentUrl":"https:\/\/oldwww.szpitalnaklinach.pl\/wp-content\/uploads\/logo-snk-bez-tla-300.png","width":300,"height":107,"caption":"Szpital na Klinach"},"image":{"@id":"https:\/\/oldwww.szpitalnaklinach.pl\/uk\/#logo"}},{"@type":"WebSite","@id":"https:\/\/oldwww.szpitalnaklinach.pl\/uk\/#website","url":"https:\/\/oldwww.szpitalnaklinach.pl\/uk\/","name":"Szpital na Klinach","description":"Strona szpitala nale\u017c\u0105cego do grupy NEO HOSPITAL","publisher":{"@id":"https:\/\/oldwww.szpitalnaklinach.pl\/uk\/#organization"},"potentialAction":[{"@type":"SearchAction","target":{"@type":"EntryPoint","urlTemplate":"https:\/\/oldwww.szpitalnaklinach.pl\/uk\/?s={search_term_string}"},"query-input":"required name=search_term_string"}],"inLanguage":"uk"},{"@type":"WebPage","@id":"https:\/\/oldwww.szpitalnaklinach.pl\/uk\/poradnie-specjalistyczne\/#webpage","url":"https:\/\/oldwww.szpitalnaklinach.pl\/uk\/poradnie-specjalistyczne\/","name":"\u041a\u043e\u043d\u0441\u0443\u043b\u044c\u0442\u0430\u0446\u0456\u0439\u043d\u0456 \u0446\u0435\u043d\u0442\u0440\u0438 - Szpital na Klinach","isPartOf":{"@id":"https:\/\/oldwww.szpitalnaklinach.pl\/uk\/#website"},"datePublished":"2018-10-30T12:40:35+00:00","dateModified":"2019-07-25T16:27:13+00:00","description":"Postawili\u015bmy na grono wybitnych specjalist\u00f3w, kt\u00f3rych do\u015bwiadczenie i profesjonalizm buduj\u0105 rang\u0119 tego miejsca. Dowiedz si\u0119 wi\u0119cej o naszych poradniach i kadrze medycznej.","breadcrumb":{"@id":"https:\/\/oldwww.szpitalnaklinach.pl\/uk\/poradnie-specjalistyczne\/#breadcrumb"},"inLanguage":"uk","potentialAction":[{"@type":"ReadAction","target":["https:\/\/oldwww.szpitalnaklinach.pl\/uk\/poradnie-specjalistyczne\/"]}]},{"@type":"BreadcrumbList","@id":"https:\/\/oldwww.szpitalnaklinach.pl\/uk\/poradnie-specjalistyczne\/#breadcrumb","itemListElement":[{"@type":"ListItem","position":1,"name":"Strona g\u0142\u00f3wna","item":"https:\/\/oldwww.szpitalnaklinach.pl\/uk\/"},{"@type":"ListItem","position":2,"name":"\u041a\u043e\u043d\u0441\u0443\u043b\u044c\u0442\u0430\u0446\u0456\u0439\u043d\u0456 \u0446\u0435\u043d\u0442\u0440\u0438"}]}]}},"_links":{"self":[{"href":"https:\/\/oldwww.szpitalnaklinach.pl\/uk\/wp-json\/wp\/v2\/pages\/2452","targetHints":{"allow":["GET"]}}],"collection":[{"href":"https:\/\/oldwww.szpitalnaklinach.pl\/uk\/wp-json\/wp\/v2\/pages"}],"about":[{"href":"https:\/\/oldwww.szpitalnaklinach.pl\/uk\/wp-json\/wp\/v2\/types\/page"}],"author":[{"embeddable":true,"href":"https:\/\/oldwww.szpitalnaklinach.pl\/uk\/wp-json\/wp\/v2\/users\/1"}],"replies":[{"embeddable":true,"href":"https:\/\/oldwww.szpitalnaklinach.pl\/uk\/wp-json\/wp\/v2\/comments?post=2452"}],"version-history":[{"count":0,"href":"https:\/\/oldwww.szpitalnaklinach.pl\/uk\/wp-json\/wp\/v2\/pages\/2452\/revisions"}],"wp:attachment":[{"href":"https:\/\/oldwww.szpitalnaklinach.pl\/uk\/wp-json\/wp\/v2\/media?parent=2452"}],"curies":[{"name":"wp","href":"https:\/\/api.w.org\/{rel}","templated":true}]}}