{"id":3297,"date":"2019-01-18T15:21:18","date_gmt":"2019-01-18T14:21:18","guid":{"rendered":"https:\/\/oldwww.szpitalnaklinach.pl\/o-nas\/przy-kawie-o-zdrowiu\/"},"modified":"2019-08-12T14:45:13","modified_gmt":"2019-08-12T12:45:13","slug":"przy-kawie-o-zdrowiu","status":"publish","type":"page","link":"https:\/\/oldwww.szpitalnaklinach.pl\/de\/o-nas\/przy-kawie-o-zdrowiu\/","title":{"rendered":"Beim Kaffee \u00fcber die Gesundheit"},"content":{"rendered":"","protected":false},"excerpt":{"rendered":"","protected":false},"author":1,"featured_media":0,"parent":3234,"menu_order":0,"comment_status":"closed","ping_status":"closed","template":"","meta":{"footnotes":""},"class_list":["post-3297","page","type-page","status-publish","hentry"],"acf":[],"yoast_head":"<!-- This site is optimized with the Yoast SEO plugin v17.7 - https:\/\/yoast.com\/wordpress\/plugins\/seo\/ -->\n<title>Beim Kaffee \u00fcber die Gesundheit<\/title>\n<meta name=\"description\" content=\"Das Szpital na Klinach l\u00e4dt alle Krakauer in Zusammenarbeit mit einem Team hervorragender Spezialisten zur Teilnahme am Programm &quot;Beim Kaffee \u00fcber die Gesundheit&quot; ein, das sich der Pr\u00e4vention und Gesundheitsaufkl\u00e4rung widmet.\" \/>\n<meta name=\"robots\" content=\"index, follow, max-snippet:-1, max-image-preview:large, max-video-preview:-1\" \/>\n<link rel=\"canonical\" href=\"https:\/\/oldwww.szpitalnaklinach.pl\/de\/o-nas\/przy-kawie-o-zdrowiu\/\" \/>\n<meta property=\"og:locale\" content=\"de_DE\" \/>\n<meta property=\"og:type\" content=\"article\" \/>\n<meta property=\"og:title\" content=\"Beim Kaffee \u00fcber die Gesundheit\" \/>\n<meta property=\"og:description\" content=\"Das Szpital na Klinach l\u00e4dt alle Krakauer in Zusammenarbeit mit einem Team hervorragender Spezialisten zur Teilnahme am Programm &quot;Beim Kaffee \u00fcber die Gesundheit&quot; ein, das sich der Pr\u00e4vention und Gesundheitsaufkl\u00e4rung widmet.\" \/>\n<meta property=\"og:url\" content=\"https:\/\/oldwww.szpitalnaklinach.pl\/de\/o-nas\/przy-kawie-o-zdrowiu\/\" \/>\n<meta property=\"og:site_name\" content=\"Szpital na Klinach\" \/>\n<meta property=\"article:publisher\" content=\"https:\/\/www.facebook.com\/NajblizejPacjentow\/\" \/>\n<meta property=\"article:modified_time\" content=\"2019-08-12T12:45:13+00:00\" \/>\n<meta name=\"twitter:card\" content=\"summary_large_image\" \/>\n<script type=\"application\/ld+json\" class=\"yoast-schema-graph\">{\"@context\":\"https:\/\/schema.org\",\"@graph\":[{\"@type\":\"Organization\",\"@id\":\"https:\/\/oldwww.szpitalnaklinach.pl\/de\/#organization\",\"name\":\"Szpital na Klinach\",\"url\":\"https:\/\/oldwww.szpitalnaklinach.pl\/de\/\",\"sameAs\":[\"https:\/\/www.facebook.com\/NajblizejPacjentow\/\",\"https:\/\/www.instagram.com\/szpitalnaklinach\/\",\"https:\/\/www.linkedin.com\/company\/neohospital\/\",\"https:\/\/www.youtube.com\/channel\/UCag81Bmy-49n0BcFGiYkGRg\"],\"logo\":{\"@type\":\"ImageObject\",\"@id\":\"https:\/\/oldwww.szpitalnaklinach.pl\/de\/#logo\",\"inLanguage\":\"de\",\"url\":\"https:\/\/oldwww.szpitalnaklinach.pl\/wp-content\/uploads\/logo-snk-bez-tla-300.png\",\"contentUrl\":\"https:\/\/oldwww.szpitalnaklinach.pl\/wp-content\/uploads\/logo-snk-bez-tla-300.png\",\"width\":300,\"height\":107,\"caption\":\"Szpital na Klinach\"},\"image\":{\"@id\":\"https:\/\/oldwww.szpitalnaklinach.pl\/de\/#logo\"}},{\"@type\":\"WebSite\",\"@id\":\"https:\/\/oldwww.szpitalnaklinach.pl\/de\/#website\",\"url\":\"https:\/\/oldwww.szpitalnaklinach.pl\/de\/\",\"name\":\"Szpital na Klinach\",\"description\":\"Strona szpitala nale\\u017c\\u0105cego do grupy NEO HOSPITAL\",\"publisher\":{\"@id\":\"https:\/\/oldwww.szpitalnaklinach.pl\/de\/#organization\"},\"potentialAction\":[{\"@type\":\"SearchAction\",\"target\":{\"@type\":\"EntryPoint\",\"urlTemplate\":\"https:\/\/oldwww.szpitalnaklinach.pl\/de\/?s={search_term_string}\"},\"query-input\":\"required name=search_term_string\"}],\"inLanguage\":\"de\"},{\"@type\":\"WebPage\",\"@id\":\"https:\/\/oldwww.szpitalnaklinach.pl\/de\/o-nas\/przy-kawie-o-zdrowiu\/#webpage\",\"url\":\"https:\/\/oldwww.szpitalnaklinach.pl\/de\/o-nas\/przy-kawie-o-zdrowiu\/\",\"name\":\"Beim Kaffee \\u00fcber die Gesundheit\",\"isPartOf\":{\"@id\":\"https:\/\/oldwww.szpitalnaklinach.pl\/de\/#website\"},\"datePublished\":\"2019-01-18T14:21:18+00:00\",\"dateModified\":\"2019-08-12T12:45:13+00:00\",\"description\":\"Das Szpital na Klinach l\\u00e4dt alle Krakauer in Zusammenarbeit mit einem Team hervorragender Spezialisten zur Teilnahme am Programm \\\"Beim Kaffee \\u00fcber die Gesundheit\\\" ein, das sich der Pr\\u00e4vention und Gesundheitsaufkl\\u00e4rung widmet.\",\"breadcrumb\":{\"@id\":\"https:\/\/oldwww.szpitalnaklinach.pl\/de\/o-nas\/przy-kawie-o-zdrowiu\/#breadcrumb\"},\"inLanguage\":\"de\",\"potentialAction\":[{\"@type\":\"ReadAction\",\"target\":[\"https:\/\/oldwww.szpitalnaklinach.pl\/de\/o-nas\/przy-kawie-o-zdrowiu\/\"]}]},{\"@type\":\"BreadcrumbList\",\"@id\":\"https:\/\/oldwww.szpitalnaklinach.pl\/de\/o-nas\/przy-kawie-o-zdrowiu\/#breadcrumb\",\"itemListElement\":[{\"@type\":\"ListItem\",\"position\":1,\"name\":\"Strona g\\u0142\\u00f3wna\",\"item\":\"https:\/\/oldwww.szpitalnaklinach.pl\/de\/\"},{\"@type\":\"ListItem\",\"position\":2,\"name\":\"\\u00dcber uns\",\"item\":\"https:\/\/oldwww.szpitalnaklinach.pl\/de\/o-nas\/\"},{\"@type\":\"ListItem\",\"position\":3,\"name\":\"Beim Kaffee \\u00fcber die Gesundheit\"}]}]}<\/script>\n<!-- \/ Yoast SEO plugin. -->","yoast_head_json":{"title":"Beim Kaffee \u00fcber die Gesundheit","description":"Das Szpital na Klinach l\u00e4dt alle Krakauer in Zusammenarbeit mit einem Team hervorragender Spezialisten zur Teilnahme am Programm \"Beim Kaffee \u00fcber die Gesundheit\" ein, das sich der Pr\u00e4vention und Gesundheitsaufkl\u00e4rung widmet.","robots":{"index":"index","follow":"follow","max-snippet":"max-snippet:-1","max-image-preview":"max-image-preview:large","max-video-preview":"max-video-preview:-1"},"canonical":"https:\/\/oldwww.szpitalnaklinach.pl\/de\/o-nas\/przy-kawie-o-zdrowiu\/","og_locale":"de_DE","og_type":"article","og_title":"Beim Kaffee \u00fcber die Gesundheit","og_description":"Das Szpital na Klinach l\u00e4dt alle Krakauer in Zusammenarbeit mit einem Team hervorragender Spezialisten zur Teilnahme am Programm \"Beim Kaffee \u00fcber die Gesundheit\" ein, das sich der Pr\u00e4vention und Gesundheitsaufkl\u00e4rung widmet.","og_url":"https:\/\/oldwww.szpitalnaklinach.pl\/de\/o-nas\/przy-kawie-o-zdrowiu\/","og_site_name":"Szpital na Klinach","article_publisher":"https:\/\/www.facebook.com\/NajblizejPacjentow\/","article_modified_time":"2019-08-12T12:45:13+00:00","twitter_card":"summary_large_image","schema":{"@context":"https:\/\/schema.org","@graph":[{"@type":"Organization","@id":"https:\/\/oldwww.szpitalnaklinach.pl\/de\/#organization","name":"Szpital na Klinach","url":"https:\/\/oldwww.szpitalnaklinach.pl\/de\/","sameAs":["https:\/\/www.facebook.com\/NajblizejPacjentow\/","https:\/\/www.instagram.com\/szpitalnaklinach\/","https:\/\/www.linkedin.com\/company\/neohospital\/","https:\/\/www.youtube.com\/channel\/UCag81Bmy-49n0BcFGiYkGRg"],"logo":{"@type":"ImageObject","@id":"https:\/\/oldwww.szpitalnaklinach.pl\/de\/#logo","inLanguage":"de","url":"https:\/\/oldwww.szpitalnaklinach.pl\/wp-content\/uploads\/logo-snk-bez-tla-300.png","contentUrl":"https:\/\/oldwww.szpitalnaklinach.pl\/wp-content\/uploads\/logo-snk-bez-tla-300.png","width":300,"height":107,"caption":"Szpital na Klinach"},"image":{"@id":"https:\/\/oldwww.szpitalnaklinach.pl\/de\/#logo"}},{"@type":"WebSite","@id":"https:\/\/oldwww.szpitalnaklinach.pl\/de\/#website","url":"https:\/\/oldwww.szpitalnaklinach.pl\/de\/","name":"Szpital na Klinach","description":"Strona szpitala nale\u017c\u0105cego do grupy NEO HOSPITAL","publisher":{"@id":"https:\/\/oldwww.szpitalnaklinach.pl\/de\/#organization"},"potentialAction":[{"@type":"SearchAction","target":{"@type":"EntryPoint","urlTemplate":"https:\/\/oldwww.szpitalnaklinach.pl\/de\/?s={search_term_string}"},"query-input":"required name=search_term_string"}],"inLanguage":"de"},{"@type":"WebPage","@id":"https:\/\/oldwww.szpitalnaklinach.pl\/de\/o-nas\/przy-kawie-o-zdrowiu\/#webpage","url":"https:\/\/oldwww.szpitalnaklinach.pl\/de\/o-nas\/przy-kawie-o-zdrowiu\/","name":"Beim Kaffee \u00fcber die Gesundheit","isPartOf":{"@id":"https:\/\/oldwww.szpitalnaklinach.pl\/de\/#website"},"datePublished":"2019-01-18T14:21:18+00:00","dateModified":"2019-08-12T12:45:13+00:00","description":"Das Szpital na Klinach l\u00e4dt alle Krakauer in Zusammenarbeit mit einem Team hervorragender Spezialisten zur Teilnahme am Programm \"Beim Kaffee \u00fcber die Gesundheit\" ein, das sich der Pr\u00e4vention und Gesundheitsaufkl\u00e4rung widmet.","breadcrumb":{"@id":"https:\/\/oldwww.szpitalnaklinach.pl\/de\/o-nas\/przy-kawie-o-zdrowiu\/#breadcrumb"},"inLanguage":"de","potentialAction":[{"@type":"ReadAction","target":["https:\/\/oldwww.szpitalnaklinach.pl\/de\/o-nas\/przy-kawie-o-zdrowiu\/"]}]},{"@type":"BreadcrumbList","@id":"https:\/\/oldwww.szpitalnaklinach.pl\/de\/o-nas\/przy-kawie-o-zdrowiu\/#breadcrumb","itemListElement":[{"@type":"ListItem","position":1,"name":"Strona g\u0142\u00f3wna","item":"https:\/\/oldwww.szpitalnaklinach.pl\/de\/"},{"@type":"ListItem","position":2,"name":"\u00dcber uns","item":"https:\/\/oldwww.szpitalnaklinach.pl\/de\/o-nas\/"},{"@type":"ListItem","position":3,"name":"Beim Kaffee \u00fcber die Gesundheit"}]}]}},"_links":{"self":[{"href":"https:\/\/oldwww.szpitalnaklinach.pl\/de\/wp-json\/wp\/v2\/pages\/3297","targetHints":{"allow":["GET"]}}],"collection":[{"href":"https:\/\/oldwww.szpitalnaklinach.pl\/de\/wp-json\/wp\/v2\/pages"}],"about":[{"href":"https:\/\/oldwww.szpitalnaklinach.pl\/de\/wp-json\/wp\/v2\/types\/page"}],"author":[{"embeddable":true,"href":"https:\/\/oldwww.szpitalnaklinach.pl\/de\/wp-json\/wp\/v2\/users\/1"}],"replies":[{"embeddable":true,"href":"https:\/\/oldwww.szpitalnaklinach.pl\/de\/wp-json\/wp\/v2\/comments?post=3297"}],"version-history":[{"count":0,"href":"https:\/\/oldwww.szpitalnaklinach.pl\/de\/wp-json\/wp\/v2\/pages\/3297\/revisions"}],"up":[{"embeddable":true,"href":"https:\/\/oldwww.szpitalnaklinach.pl\/de\/wp-json\/wp\/v2\/pages\/3234"}],"wp:attachment":[{"href":"https:\/\/oldwww.szpitalnaklinach.pl\/de\/wp-json\/wp\/v2\/media?parent=3297"}],"curies":[{"name":"wp","href":"https:\/\/api.w.org\/{rel}","templated":true}]}}