{"id":3234,"date":"2018-10-31T08:58:45","date_gmt":"2018-10-31T07:58:45","guid":{"rendered":"https:\/\/oldwww.szpitalnaklinach.pl\/o-nas\/"},"modified":"2023-01-05T14:30:33","modified_gmt":"2023-01-05T13:30:33","slug":"o-nas","status":"publish","type":"page","link":"https:\/\/oldwww.szpitalnaklinach.pl\/de\/o-nas\/","title":{"rendered":"\u00dcber uns"},"content":{"rendered":"","protected":false},"excerpt":{"rendered":"","protected":false},"author":1,"featured_media":0,"parent":0,"menu_order":0,"comment_status":"closed","ping_status":"closed","template":"","meta":{"footnotes":""},"class_list":["post-3234","page","type-page","status-publish","hentry"],"acf":[],"yoast_head":"<!-- This site is optimized with the Yoast SEO plugin v17.7 - https:\/\/yoast.com\/wordpress\/plugins\/seo\/ -->\n<title>\u00dcber uns - Szpital na Klinach<\/title>\n<meta name=\"description\" content=\"Das Szpital na Klinach wurde aus der \u00dcberzeugung heraus gegr\u00fcndet, dass Gesundheit, W\u00fcrde, Wohlbefinden und Sicherheit der Patienten die wichtigsten Werte sind. Das Szpital na Klinach setzt heute Ma\u00dfst\u00e4be f\u00fcr die private Krankenhausversorgung, die den Erwartungen seiner Patienten in jeder Phase des Kontakts mit der Einrichtung und dem gesamten Team entsprechen.\" \/>\n<meta name=\"robots\" content=\"index, follow, max-snippet:-1, max-image-preview:large, max-video-preview:-1\" \/>\n<link rel=\"canonical\" href=\"https:\/\/oldwww.szpitalnaklinach.pl\/de\/o-nas\/\" \/>\n<meta property=\"og:locale\" content=\"de_DE\" \/>\n<meta property=\"og:type\" content=\"article\" \/>\n<meta property=\"og:title\" content=\"\u00dcber uns - Szpital na Klinach\" \/>\n<meta property=\"og:description\" content=\"Das Szpital na Klinach wurde aus der \u00dcberzeugung heraus gegr\u00fcndet, dass Gesundheit, W\u00fcrde, Wohlbefinden und Sicherheit der Patienten die wichtigsten Werte sind. Das Szpital na Klinach setzt heute Ma\u00dfst\u00e4be f\u00fcr die private Krankenhausversorgung, die den Erwartungen seiner Patienten in jeder Phase des Kontakts mit der Einrichtung und dem gesamten Team entsprechen.\" \/>\n<meta property=\"og:url\" content=\"https:\/\/oldwww.szpitalnaklinach.pl\/de\/o-nas\/\" \/>\n<meta property=\"og:site_name\" content=\"Szpital na Klinach\" \/>\n<meta property=\"article:publisher\" content=\"https:\/\/www.facebook.com\/NajblizejPacjentow\/\" \/>\n<meta property=\"article:modified_time\" content=\"2023-01-05T13:30:33+00:00\" \/>\n<meta name=\"twitter:card\" content=\"summary_large_image\" \/>\n<script type=\"application\/ld+json\" class=\"yoast-schema-graph\">{\"@context\":\"https:\/\/schema.org\",\"@graph\":[{\"@type\":\"Organization\",\"@id\":\"https:\/\/oldwww.szpitalnaklinach.pl\/de\/#organization\",\"name\":\"Szpital na Klinach\",\"url\":\"https:\/\/oldwww.szpitalnaklinach.pl\/de\/\",\"sameAs\":[\"https:\/\/www.facebook.com\/NajblizejPacjentow\/\",\"https:\/\/www.instagram.com\/szpitalnaklinach\/\",\"https:\/\/www.linkedin.com\/company\/neohospital\/\",\"https:\/\/www.youtube.com\/channel\/UCag81Bmy-49n0BcFGiYkGRg\"],\"logo\":{\"@type\":\"ImageObject\",\"@id\":\"https:\/\/oldwww.szpitalnaklinach.pl\/de\/#logo\",\"inLanguage\":\"de\",\"url\":\"https:\/\/oldwww.szpitalnaklinach.pl\/wp-content\/uploads\/logo-snk-bez-tla-300.png\",\"contentUrl\":\"https:\/\/oldwww.szpitalnaklinach.pl\/wp-content\/uploads\/logo-snk-bez-tla-300.png\",\"width\":300,\"height\":107,\"caption\":\"Szpital na Klinach\"},\"image\":{\"@id\":\"https:\/\/oldwww.szpitalnaklinach.pl\/de\/#logo\"}},{\"@type\":\"WebSite\",\"@id\":\"https:\/\/oldwww.szpitalnaklinach.pl\/de\/#website\",\"url\":\"https:\/\/oldwww.szpitalnaklinach.pl\/de\/\",\"name\":\"Szpital na Klinach\",\"description\":\"Strona szpitala nale\\u017c\\u0105cego do grupy NEO HOSPITAL\",\"publisher\":{\"@id\":\"https:\/\/oldwww.szpitalnaklinach.pl\/de\/#organization\"},\"potentialAction\":[{\"@type\":\"SearchAction\",\"target\":{\"@type\":\"EntryPoint\",\"urlTemplate\":\"https:\/\/oldwww.szpitalnaklinach.pl\/de\/?s={search_term_string}\"},\"query-input\":\"required name=search_term_string\"}],\"inLanguage\":\"de\"},{\"@type\":\"WebPage\",\"@id\":\"https:\/\/oldwww.szpitalnaklinach.pl\/de\/o-nas\/#webpage\",\"url\":\"https:\/\/oldwww.szpitalnaklinach.pl\/de\/o-nas\/\",\"name\":\"\\u00dcber uns - Szpital na Klinach\",\"isPartOf\":{\"@id\":\"https:\/\/oldwww.szpitalnaklinach.pl\/de\/#website\"},\"datePublished\":\"2018-10-31T07:58:45+00:00\",\"dateModified\":\"2023-01-05T13:30:33+00:00\",\"description\":\"Das Szpital na Klinach wurde aus der \\u00dcberzeugung heraus gegr\\u00fcndet, dass Gesundheit, W\\u00fcrde, Wohlbefinden und Sicherheit der Patienten die wichtigsten Werte sind. Das Szpital na Klinach setzt heute Ma\\u00dfst\\u00e4be f\\u00fcr die private Krankenhausversorgung, die den Erwartungen seiner Patienten in jeder Phase des Kontakts mit der Einrichtung und dem gesamten Team entsprechen.\",\"breadcrumb\":{\"@id\":\"https:\/\/oldwww.szpitalnaklinach.pl\/de\/o-nas\/#breadcrumb\"},\"inLanguage\":\"de\",\"potentialAction\":[{\"@type\":\"ReadAction\",\"target\":[\"https:\/\/oldwww.szpitalnaklinach.pl\/de\/o-nas\/\"]}]},{\"@type\":\"BreadcrumbList\",\"@id\":\"https:\/\/oldwww.szpitalnaklinach.pl\/de\/o-nas\/#breadcrumb\",\"itemListElement\":[{\"@type\":\"ListItem\",\"position\":1,\"name\":\"Strona g\\u0142\\u00f3wna\",\"item\":\"https:\/\/oldwww.szpitalnaklinach.pl\/de\/\"},{\"@type\":\"ListItem\",\"position\":2,\"name\":\"\\u00dcber uns\"}]}]}<\/script>\n<!-- \/ Yoast SEO plugin. -->","yoast_head_json":{"title":"\u00dcber uns - Szpital na Klinach","description":"Das Szpital na Klinach wurde aus der \u00dcberzeugung heraus gegr\u00fcndet, dass Gesundheit, W\u00fcrde, Wohlbefinden und Sicherheit der Patienten die wichtigsten Werte sind. Das Szpital na Klinach setzt heute Ma\u00dfst\u00e4be f\u00fcr die private Krankenhausversorgung, die den Erwartungen seiner Patienten in jeder Phase des Kontakts mit der Einrichtung und dem gesamten Team entsprechen.","robots":{"index":"index","follow":"follow","max-snippet":"max-snippet:-1","max-image-preview":"max-image-preview:large","max-video-preview":"max-video-preview:-1"},"canonical":"https:\/\/oldwww.szpitalnaklinach.pl\/de\/o-nas\/","og_locale":"de_DE","og_type":"article","og_title":"\u00dcber uns - Szpital na Klinach","og_description":"Das Szpital na Klinach wurde aus der \u00dcberzeugung heraus gegr\u00fcndet, dass Gesundheit, W\u00fcrde, Wohlbefinden und Sicherheit der Patienten die wichtigsten Werte sind. Das Szpital na Klinach setzt heute Ma\u00dfst\u00e4be f\u00fcr die private Krankenhausversorgung, die den Erwartungen seiner Patienten in jeder Phase des Kontakts mit der Einrichtung und dem gesamten Team entsprechen.","og_url":"https:\/\/oldwww.szpitalnaklinach.pl\/de\/o-nas\/","og_site_name":"Szpital na Klinach","article_publisher":"https:\/\/www.facebook.com\/NajblizejPacjentow\/","article_modified_time":"2023-01-05T13:30:33+00:00","twitter_card":"summary_large_image","schema":{"@context":"https:\/\/schema.org","@graph":[{"@type":"Organization","@id":"https:\/\/oldwww.szpitalnaklinach.pl\/de\/#organization","name":"Szpital na Klinach","url":"https:\/\/oldwww.szpitalnaklinach.pl\/de\/","sameAs":["https:\/\/www.facebook.com\/NajblizejPacjentow\/","https:\/\/www.instagram.com\/szpitalnaklinach\/","https:\/\/www.linkedin.com\/company\/neohospital\/","https:\/\/www.youtube.com\/channel\/UCag81Bmy-49n0BcFGiYkGRg"],"logo":{"@type":"ImageObject","@id":"https:\/\/oldwww.szpitalnaklinach.pl\/de\/#logo","inLanguage":"de","url":"https:\/\/oldwww.szpitalnaklinach.pl\/wp-content\/uploads\/logo-snk-bez-tla-300.png","contentUrl":"https:\/\/oldwww.szpitalnaklinach.pl\/wp-content\/uploads\/logo-snk-bez-tla-300.png","width":300,"height":107,"caption":"Szpital na Klinach"},"image":{"@id":"https:\/\/oldwww.szpitalnaklinach.pl\/de\/#logo"}},{"@type":"WebSite","@id":"https:\/\/oldwww.szpitalnaklinach.pl\/de\/#website","url":"https:\/\/oldwww.szpitalnaklinach.pl\/de\/","name":"Szpital na Klinach","description":"Strona szpitala nale\u017c\u0105cego do grupy NEO HOSPITAL","publisher":{"@id":"https:\/\/oldwww.szpitalnaklinach.pl\/de\/#organization"},"potentialAction":[{"@type":"SearchAction","target":{"@type":"EntryPoint","urlTemplate":"https:\/\/oldwww.szpitalnaklinach.pl\/de\/?s={search_term_string}"},"query-input":"required name=search_term_string"}],"inLanguage":"de"},{"@type":"WebPage","@id":"https:\/\/oldwww.szpitalnaklinach.pl\/de\/o-nas\/#webpage","url":"https:\/\/oldwww.szpitalnaklinach.pl\/de\/o-nas\/","name":"\u00dcber uns - Szpital na Klinach","isPartOf":{"@id":"https:\/\/oldwww.szpitalnaklinach.pl\/de\/#website"},"datePublished":"2018-10-31T07:58:45+00:00","dateModified":"2023-01-05T13:30:33+00:00","description":"Das Szpital na Klinach wurde aus der \u00dcberzeugung heraus gegr\u00fcndet, dass Gesundheit, W\u00fcrde, Wohlbefinden und Sicherheit der Patienten die wichtigsten Werte sind. Das Szpital na Klinach setzt heute Ma\u00dfst\u00e4be f\u00fcr die private Krankenhausversorgung, die den Erwartungen seiner Patienten in jeder Phase des Kontakts mit der Einrichtung und dem gesamten Team entsprechen.","breadcrumb":{"@id":"https:\/\/oldwww.szpitalnaklinach.pl\/de\/o-nas\/#breadcrumb"},"inLanguage":"de","potentialAction":[{"@type":"ReadAction","target":["https:\/\/oldwww.szpitalnaklinach.pl\/de\/o-nas\/"]}]},{"@type":"BreadcrumbList","@id":"https:\/\/oldwww.szpitalnaklinach.pl\/de\/o-nas\/#breadcrumb","itemListElement":[{"@type":"ListItem","position":1,"name":"Strona g\u0142\u00f3wna","item":"https:\/\/oldwww.szpitalnaklinach.pl\/de\/"},{"@type":"ListItem","position":2,"name":"\u00dcber uns"}]}]}},"_links":{"self":[{"href":"https:\/\/oldwww.szpitalnaklinach.pl\/de\/wp-json\/wp\/v2\/pages\/3234","targetHints":{"allow":["GET"]}}],"collection":[{"href":"https:\/\/oldwww.szpitalnaklinach.pl\/de\/wp-json\/wp\/v2\/pages"}],"about":[{"href":"https:\/\/oldwww.szpitalnaklinach.pl\/de\/wp-json\/wp\/v2\/types\/page"}],"author":[{"embeddable":true,"href":"https:\/\/oldwww.szpitalnaklinach.pl\/de\/wp-json\/wp\/v2\/users\/1"}],"replies":[{"embeddable":true,"href":"https:\/\/oldwww.szpitalnaklinach.pl\/de\/wp-json\/wp\/v2\/comments?post=3234"}],"version-history":[{"count":1,"href":"https:\/\/oldwww.szpitalnaklinach.pl\/de\/wp-json\/wp\/v2\/pages\/3234\/revisions"}],"predecessor-version":[{"id":18857,"href":"https:\/\/oldwww.szpitalnaklinach.pl\/de\/wp-json\/wp\/v2\/pages\/3234\/revisions\/18857"}],"wp:attachment":[{"href":"https:\/\/oldwww.szpitalnaklinach.pl\/de\/wp-json\/wp\/v2\/media?parent=3234"}],"curies":[{"name":"wp","href":"https:\/\/api.w.org\/{rel}","templated":true}]}}